{"id":1760,"date":"2024-12-09T13:31:41","date_gmt":"2024-12-09T11:31:41","guid":{"rendered":"https:\/\/semelfi-wp27900.test.cchosting.fi\/?page_id=1760"},"modified":"2025-02-20T11:36:05","modified_gmt":"2025-02-20T09:36:05","slug":"mig-till-jobbet","status":"publish","type":"page","link":"https:\/\/semelfi-wp27900.test.cchosting.fi\/sv\/semel\/meille-toihin\/","title":{"rendered":"Arbeta f\u00f6r oss"},"content":{"rendered":"<div data-elementor-type=\"wp-page\" data-elementor-id=\"1760\" class=\"elementor elementor-1760\" data-elementor-post-type=\"page\">\n\t\t\t\t<div class=\"elementor-element elementor-element-232179e e-con-full e-flex e-con e-parent\" data-id=\"232179e\" data-element_type=\"container\" data-e-type=\"container\" data-settings=\"{&quot;background_background&quot;:&quot;classic&quot;}\">\n\t\t<div class=\"elementor-element elementor-element-e89eb66 e-con-full mask-slanted-right e-flex e-con e-child\" data-id=\"e89eb66\" data-element_type=\"container\" data-e-type=\"container\" data-settings=\"{&quot;background_background&quot;:&quot;classic&quot;}\">\n\t\t\t\t<\/div>\n\t\t<div class=\"elementor-element elementor-element-29bf6b6 e-con-full e-flex e-con e-child\" data-id=\"29bf6b6\" data-element_type=\"container\" data-e-type=\"container\" data-settings=\"{&quot;background_background&quot;:&quot;classic&quot;}\">\n\t\t<div class=\"elementor-element elementor-element-a8c715e e-con-full e-flex e-con e-child\" data-id=\"a8c715e\" data-element_type=\"container\" data-e-type=\"container\">\n\t\t\t\t<div class=\"elementor-element elementor-element-85f41a0 elementor-widget elementor-widget-heading\" data-id=\"85f41a0\" data-element_type=\"widget\" data-e-type=\"widget\" data-widget_type=\"heading.default\">\n\t\t\t\t<div class=\"elementor-widget-container\">\n\t\t\t\t\t<h1 class=\"elementor-heading-title elementor-size-default\">Arbeta f\u00f6r oss<\/h1>\t\t\t\t<\/div>\n\t\t\t\t<\/div>\n\t\t\t\t<div class=\"elementor-element elementor-element-d9c41be elementor-widget-divider--view-line elementor-widget elementor-widget-divider\" data-id=\"d9c41be\" data-element_type=\"widget\" data-e-type=\"widget\" data-widget_type=\"divider.default\">\n\t\t\t\t<div class=\"elementor-widget-container\">\n\t\t\t\t\t\t\t<div class=\"elementor-divider\">\n\t\t\t<span class=\"elementor-divider-separator\">\n\t\t\t\t\t\t<\/span>\n\t\t<\/div>\n\t\t\t\t\t\t<\/div>\n\t\t\t\t<\/div>\n\t\t\t\t<div class=\"elementor-element elementor-element-81f039b elementor-widget elementor-widget-heading\" data-id=\"81f039b\" data-element_type=\"widget\" data-e-type=\"widget\" data-widget_type=\"heading.default\">\n\t\t\t\t<div class=\"elementor-widget-container\">\n\t\t\t\t\t<h2 class=\"elementor-heading-title elementor-size-default\">Kom och var med och bygg framtidens l\u00f6sningar f\u00f6r persontrafik.<\/h2>\t\t\t\t<\/div>\n\t\t\t\t<\/div>\n\t\t\t\t<div class=\"elementor-element elementor-element-966d079 elementor-widget elementor-widget-text-editor\" data-id=\"966d079\" data-element_type=\"widget\" data-e-type=\"widget\" data-widget_type=\"text-editor.default\">\n\t\t\t\t<div class=\"elementor-widget-container\">\n\t\t\t\t\t\t\t\t\t<p><span style=\"text-align: var(--text-align); font-size: 1rem;\">Semel designar och implementerar IT-system l\u00e4mpliga f\u00f6r mobila enheter och fungerar som systemleverant\u00f6r och tj\u00e4nsteleverant\u00f6r i kr\u00e4vande projekt f\u00f6r persontrafiksystem.<\/span><span style=\"text-align: var(--text-align); font-size: 1rem;\">\u00a0<\/span><\/p><p>Semel fungerar genom dotterbolag, \u00e4ven i Norden, som systemleverant\u00f6r f\u00f6r kollektivtrafik, parkering och laddning av elfordon. Semel \u00e4r en del av den svenska koncernen KG Knutsson AB.<\/p>\t\t\t\t\t\t\t\t<\/div>\n\t\t\t\t<\/div>\n\t\t\t\t<div class=\"elementor-element elementor-element-4ba784e elementor-widget elementor-widget-spacer\" data-id=\"4ba784e\" data-element_type=\"widget\" data-e-type=\"widget\" data-widget_type=\"spacer.default\">\n\t\t\t\t<div class=\"elementor-widget-container\">\n\t\t\t\t\t\t\t<div class=\"elementor-spacer\">\n\t\t\t<div class=\"elementor-spacer-inner\"><\/div>\n\t\t<\/div>\n\t\t\t\t\t\t<\/div>\n\t\t\t\t<\/div>\n\t\t\t\t<div class=\"elementor-element elementor-element-81a7635 elementor-widget elementor-widget-heading\" data-id=\"81a7635\" data-element_type=\"widget\" data-e-type=\"widget\" data-widget_type=\"heading.default\">\n\t\t\t\t<div class=\"elementor-widget-container\">\n\t\t\t\t\t<h3 class=\"elementor-heading-title elementor-size-default\">\u00d6ppen ans\u00f6kan:<\/h3>\t\t\t\t<\/div>\n\t\t\t\t<\/div>\n\t\t\t\t<div class=\"elementor-element elementor-element-3dc96a7 elementor-icon-list--layout-traditional elementor-list-item-link-full_width elementor-widget elementor-widget-icon-list\" data-id=\"3dc96a7\" data-element_type=\"widget\" data-e-type=\"widget\" data-widget_type=\"icon-list.default\">\n\t\t\t\t<div class=\"elementor-widget-container\">\n\t\t\t\t\t\t\t<ul class=\"elementor-icon-list-items\">\n\t\t\t\t\t\t\t<li class=\"elementor-icon-list-item\">\n\t\t\t\t\t\t\t\t\t\t\t<span class=\"elementor-icon-list-icon\">\n\t\t\t\t\t\t\t<svg aria-hidden=\"true\" class=\"e-font-icon-svg e-fas-suitcase\" viewbox=\"0 0 512 512\" xmlns=\"http:\/\/www.w3.org\/2000\/svg\"><path d=\"M128 480h256V80c0-26.5-21.5-48-48-48H176c-26.5 0-48 21.5-48 48v400zm64-384h128v32H192V96zm320 80v256c0 26.5-21.5 48-48 48h-48V128h48c26.5 0 48 21.5 48 48zM96 480H48c-26.5 0-48-21.5-48-48V176c0-26.5 21.5-48 48-48h48v352z\"><\/path><\/svg>\t\t\t\t\t\t<\/span>\n\t\t\t\t\t\t\t\t\t\t<span class=\"elementor-icon-list-text\">Ber\u00e4tta om dig sj\u00e4lv, vilken uppgift du skulle vara intresserad av och varf\u00f6r du skulle vilja arbeta f\u00f6r oss.<\/span>\n\t\t\t\t\t\t\t\t\t<\/li>\n\t\t\t\t\t\t<\/ul>\n\t\t\t\t\t\t<\/div>\n\t\t\t\t<\/div>\n\t\t\t\t<div class=\"elementor-element elementor-element-cee739b elementor-widget elementor-widget-button\" data-id=\"cee739b\" data-element_type=\"widget\" data-e-type=\"widget\" data-widget_type=\"button.default\">\n\t\t\t\t<div class=\"elementor-widget-container\">\n\t\t\t\t\t\t\t\t\t<div class=\"elementor-button-wrapper\">\n\t\t\t\t\t<a class=\"elementor-button elementor-button-link elementor-size-sm\" href=\"\/sv\/semel\/#ota-yhteytta\">\n\t\t\t\t\t\t<span class=\"elementor-button-content-wrapper\">\n\t\t\t\t\t\t\t\t\t<span class=\"elementor-button-text\">H\u00e4r f\u00f6r att s\u00f6ka<\/span>\n\t\t\t\t\t<\/span>\n\t\t\t\t\t<\/a>\n\t\t\t\t<\/div>\n\t\t\t\t\t\t\t\t<\/div>\n\t\t\t\t<\/div>\n\t\t\t\t<\/div>\n\t\t\t\t<\/div>\n\t\t\t\t<\/div>\n\t\t<div class=\"elementor-element elementor-element-489aa85 elementor-hidden-widescreen elementor-hidden-desktop elementor-hidden-laptop elementor-hidden-tablet_extra elementor-hidden-tablet elementor-hidden-mobile_extra elementor-hidden-mobile e-flex e-con-boxed e-con e-parent\" data-id=\"489aa85\" data-element_type=\"container\" data-e-type=\"container\">\n\t\t\t\t\t<div class=\"e-con-inner\">\n\t\t\t\t<div class=\"elementor-element elementor-element-8bcc15e elementor-widget elementor-widget-heading\" data-id=\"8bcc15e\" data-element_type=\"widget\" data-e-type=\"widget\" data-widget_type=\"heading.default\">\n\t\t\t\t<div class=\"elementor-widget-container\">\n\t\t\t\t\t<h2 class=\"elementor-heading-title elementor-size-default\">Senior projektledare<\/h2>\t\t\t\t<\/div>\n\t\t\t\t<\/div>\n\t\t\t\t<div class=\"elementor-element elementor-element-238eb5c elementor-widget-divider--view-line elementor-widget elementor-widget-divider\" data-id=\"238eb5c\" data-element_type=\"widget\" data-e-type=\"widget\" data-widget_type=\"divider.default\">\n\t\t\t\t<div class=\"elementor-widget-container\">\n\t\t\t\t\t\t\t<div class=\"elementor-divider\">\n\t\t\t<span class=\"elementor-divider-separator\">\n\t\t\t\t\t\t<\/span>\n\t\t<\/div>\n\t\t\t\t\t\t<\/div>\n\t\t\t\t<\/div>\n\t\t<div class=\"elementor-element elementor-element-1814bd6 e-con-full e-flex e-con e-child\" data-id=\"1814bd6\" data-element_type=\"container\" data-e-type=\"container\">\n\t\t<div class=\"elementor-element elementor-element-52ca78d e-con-full e-flex e-con e-child\" data-id=\"52ca78d\" data-element_type=\"container\" data-e-type=\"container\">\n\t\t\t\t<div class=\"elementor-element elementor-element-af92f21 elementor-widget elementor-widget-text-editor\" data-id=\"af92f21\" data-element_type=\"widget\" data-e-type=\"widget\" data-widget_type=\"text-editor.default\">\n\t\t\t\t<div class=\"elementor-widget-container\">\n\t\t\t\t\t\t\t\t\t<p>Semel designar och implementerar informationssystem l\u00e4mpliga f\u00f6r mobila anv\u00e4ndningsomr\u00e5den och agerar systemleverant\u00f6r samt tj\u00e4nsteleverant\u00f6r i kr\u00e4vande systemprojekt f\u00f6r persontrafik. Semel agerar genom dotterbolag i Norden \u00e4ven som systemleverant\u00f6r f\u00f6r kollektivtrafik, parkering samt laddning av elfordon. Semel \u00e4r en del av den svenska KG Knutsson AB-koncernen.<\/p><p><span style=\"color: #2f2f2f; font-size: 17px; font-style: italic; background-color: #fcfcfc;\">Regelbundet praktiskt samarbete, s\u00e4rskilt med svenska kollegor, samt m\u00f6jlighet att arbeta delvis \u00e4ven i Sverige.<\/span><\/p>\t\t\t\t\t\t\t\t<\/div>\n\t\t\t\t<\/div>\n\t\t\t\t<div class=\"elementor-element elementor-element-ee7d4f5 elementor-widget elementor-widget-heading\" data-id=\"ee7d4f5\" data-element_type=\"widget\" data-e-type=\"widget\" data-widget_type=\"heading.default\">\n\t\t\t\t<div class=\"elementor-widget-container\">\n\t\t\t\t\t<p class=\"elementor-heading-title elementor-size-default\">Arbetsbeskrivning<\/p>\t\t\t\t<\/div>\n\t\t\t\t<\/div>\n\t\t\t\t<div class=\"elementor-element elementor-element-8a59aa8 elementor-widget elementor-widget-text-editor\" data-id=\"8a59aa8\" data-element_type=\"widget\" data-e-type=\"widget\" data-widget_type=\"text-editor.default\">\n\t\t\t\t<div class=\"elementor-widget-container\">\n\t\t\t\t\t\t\t\t\t<p>Du fungerar som en ansvarsfull IT-projektledare i ett team som best\u00e5r av personell fr\u00e5n produktutvecklings- och\/eller inf\u00f6randeprojekt, till exempel produktexperter, produkt\u00e4gare, utvecklings- och testteam samt kundansvariga. Du planerar, leder, rapporterar och kommunicerar projektets framsteg. Du fungerar som en samlande kraft f\u00f6r att h\u00e5lla projektet fokuserat p\u00e5 att uppn\u00e5 en l\u00f6sning.<\/p><p><em>Vi f\u00e5r vara med och utveckla nytt inom hela det nordiska persontrafikomr\u00e5det.<\/em><\/p><p>Du f\u00e5r m\u00f6jlighet att till\u00e4mpa dina projektledningsf\u00e4rdigheter p\u00e5 olika projekthelheter d\u00e4r plattformen \u00e4r en systemprodukt, och dess implementering, samt dessutom utveckling av till\u00e4ggsfunktioner eller anpassningar. Det internationella inslaget bidrar med sitt eget \u2013 vi samarbetar n\u00e4ra med v\u00e5ra dotterbolag i Sverige, genom vilka vi ocks\u00e5 finns p\u00e5 den norska och danska marknaden.<\/p><p><em>V\u00e5ra kontorslokaler \u00e4r m\u00e5ngsidiga, moderna och ligger l\u00e4ngs bra kommunikationsv\u00e4gar.<\/em><\/p>\t\t\t\t\t\t\t\t<\/div>\n\t\t\t\t<\/div>\n\t\t\t\t<div class=\"elementor-element elementor-element-37fdacd elementor-icon-list--layout-traditional elementor-list-item-link-full_width elementor-widget elementor-widget-icon-list\" data-id=\"37fdacd\" data-element_type=\"widget\" data-e-type=\"widget\" data-widget_type=\"icon-list.default\">\n\t\t\t\t<div class=\"elementor-widget-container\">\n\t\t\t\t\t\t\t<ul class=\"elementor-icon-list-items\">\n\t\t\t\t\t\t\t<li class=\"elementor-icon-list-item\">\n\t\t\t\t\t\t\t\t\t\t\t<span class=\"elementor-icon-list-icon\">\n\t\t\t\t\t\t\t<svg aria-hidden=\"true\" class=\"e-font-icon-svg e-fas-location-arrow\" viewbox=\"0 0 512 512\" xmlns=\"http:\/\/www.w3.org\/2000\/svg\"><path d=\"M444.52 3.52L28.74 195.42c-47.97 22.39-31.98 92.75 19.19 92.75h175.91v175.91c0 51.17 70.36 67.17 92.75 19.19l191.9-415.78c15.99-38.39-25.59-79.97-63.97-63.97z\"><\/path><\/svg>\t\t\t\t\t\t<\/span>\n\t\t\t\t\t\t\t\t\t\t<span class=\"elementor-icon-list-text\">Plats: Sockenbacka, Helsingfors. M\u00f6jlighet till distansarbete.<\/span>\n\t\t\t\t\t\t\t\t\t<\/li>\n\t\t\t\t\t\t<\/ul>\n\t\t\t\t\t\t<\/div>\n\t\t\t\t<\/div>\n\t\t\t\t<div class=\"elementor-element elementor-element-74c7f1d elementor-icon-list--layout-traditional elementor-list-item-link-full_width elementor-widget elementor-widget-icon-list\" data-id=\"74c7f1d\" data-element_type=\"widget\" data-e-type=\"widget\" data-widget_type=\"icon-list.default\">\n\t\t\t\t<div class=\"elementor-widget-container\">\n\t\t\t\t\t\t\t<ul class=\"elementor-icon-list-items\">\n\t\t\t\t\t\t\t<li class=\"elementor-icon-list-item\">\n\t\t\t\t\t\t\t\t\t\t\t<span class=\"elementor-icon-list-icon\">\n\t\t\t\t\t\t\t<svg aria-hidden=\"true\" class=\"e-font-icon-svg e-far-calendar\" viewbox=\"0 0 448 512\" xmlns=\"http:\/\/www.w3.org\/2000\/svg\"><path d=\"M400 64h-48V12c0-6.6-5.4-12-12-12h-40c-6.6 0-12 5.4-12 12v52H160V12c0-6.6-5.4-12-12-12h-40c-6.6 0-12 5.4-12 12v52H48C21.5 64 0 85.5 0 112v352c0 26.5 21.5 48 48 48h352c26.5 0 48-21.5 48-48V112c0-26.5-21.5-48-48-48zm-6 400H54c-3.3 0-6-2.7-6-6V160h352v298c0 3.3-2.7 6-6 6z\"><\/path><\/svg>\t\t\t\t\t\t<\/span>\n\t\t\t\t\t\t\t\t\t\t<span class=\"elementor-icon-list-text\">Ans\u00f6kan avslutades: 2024-11-30<\/span>\n\t\t\t\t\t\t\t\t\t<\/li>\n\t\t\t\t\t\t<\/ul>\n\t\t\t\t\t\t<\/div>\n\t\t\t\t<\/div>\n\t\t\t\t<div class=\"elementor-element elementor-element-2336b0b elementor-icon-list--layout-traditional elementor-list-item-link-full_width elementor-widget elementor-widget-icon-list\" data-id=\"2336b0b\" data-element_type=\"widget\" data-e-type=\"widget\" data-widget_type=\"icon-list.default\">\n\t\t\t\t<div class=\"elementor-widget-container\">\n\t\t\t\t\t\t\t<ul class=\"elementor-icon-list-items\">\n\t\t\t\t\t\t\t<li class=\"elementor-icon-list-item\">\n\t\t\t\t\t\t\t\t\t\t\t<span class=\"elementor-icon-list-icon\">\n\t\t\t\t\t\t\t<svg aria-hidden=\"true\" class=\"e-font-icon-svg e-far-calendar-check\" viewbox=\"0 0 448 512\" xmlns=\"http:\/\/www.w3.org\/2000\/svg\"><path d=\"M400 64h-48V12c0-6.627-5.373-12-12-12h-40c-6.627 0-12 5.373-12 12v52H160V12c0-6.627-5.373-12-12-12h-40c-6.627 0-12 5.373-12 12v52H48C21.49 64 0 85.49 0 112v352c0 26.51 21.49 48 48 48h352c26.51 0 48-21.49 48-48V112c0-26.51-21.49-48-48-48zm-6 400H54a6 6 0 0 1-6-6V160h352v298a6 6 0 0 1-6 6zm-52.849-200.65L198.842 404.519c-4.705 4.667-12.303 4.637-16.971-.068l-75.091-75.699c-4.667-4.705-4.637-12.303.068-16.971l22.719-22.536c4.705-4.667 12.303-4.637 16.97.069l44.104 44.461 111.072-110.181c4.705-4.667 12.303-4.637 16.971.068l22.536 22.718c4.667 4.705 4.636 12.303-.069 16.97z\"><\/path><\/svg>\t\t\t\t\t\t<\/span>\n\t\t\t\t\t\t\t\t\t\t<span class=\"elementor-icon-list-text\">Startdatum: Enligt avtal, tillsvidare.<\/span>\n\t\t\t\t\t\t\t\t\t<\/li>\n\t\t\t\t\t\t<\/ul>\n\t\t\t\t\t\t<\/div>\n\t\t\t\t<\/div>\n\t\t\t\t<div class=\"elementor-element elementor-element-90744ba elementor-widget elementor-widget-button\" data-id=\"90744ba\" data-element_type=\"widget\" data-e-type=\"widget\" data-widget_type=\"button.default\">\n\t\t\t\t<div class=\"elementor-widget-container\">\n\t\t\t\t\t\t\t\t\t<div class=\"elementor-button-wrapper\">\n\t\t\t\t\t<a class=\"elementor-button elementor-button-link elementor-size-sm\" href=\"\">\n\t\t\t\t\t\t<span class=\"elementor-button-content-wrapper\">\n\t\t\t\t\t\t\t\t\t<span class=\"elementor-button-text\">S\u00f6k jobbet<\/span>\n\t\t\t\t\t<\/span>\n\t\t\t\t\t<\/a>\n\t\t\t\t<\/div>\n\t\t\t\t\t\t\t\t<\/div>\n\t\t\t\t<\/div>\n\t\t\t\t<\/div>\n\t\t<div class=\"elementor-element elementor-element-1c0c15f e-con-full e-flex e-con e-child\" data-id=\"1c0c15f\" data-element_type=\"container\" data-e-type=\"container\">\n\t\t\t\t<div class=\"elementor-element elementor-element-47aa569 elementor-widget elementor-widget-heading\" data-id=\"47aa569\" data-element_type=\"widget\" data-e-type=\"widget\" data-widget_type=\"heading.default\">\n\t\t\t\t<div class=\"elementor-widget-container\">\n\t\t\t\t\t<p class=\"elementor-heading-title elementor-size-default\">Semel erbjuder dig<\/p>\t\t\t\t<\/div>\n\t\t\t\t<\/div>\n\t\t\t\t<div class=\"elementor-element elementor-element-799ee63 elementor-widget elementor-widget-text-editor\" data-id=\"799ee63\" data-element_type=\"widget\" data-e-type=\"widget\" data-widget_type=\"text-editor.default\">\n\t\t\t\t<div class=\"elementor-widget-container\">\n\t\t\t\t\t\t\t\t\t<ul><li>Intressanta projekt som leder till ett konkret resultat, d\u00e4r du ser ditt ledarskap.<\/li><li>En skicklig teams produkt experter<\/li><li>Samh\u00e4lleligt betydelsefulla projekt, till exempel v\u00e4lf\u00e4rdsomr\u00e5den eller riksomfattande system<\/li><li>Teknologiskt avancerad systemplattform utan behov av att starta fr\u00e5n b\u00f6rjan.<\/li><\/ul>\t\t\t\t\t\t\t\t<\/div>\n\t\t\t\t<\/div>\n\t\t\t\t<div class=\"elementor-element elementor-element-607f80f elementor-widget elementor-widget-heading\" data-id=\"607f80f\" data-element_type=\"widget\" data-e-type=\"widget\" data-widget_type=\"heading.default\">\n\t\t\t\t<div class=\"elementor-widget-container\">\n\t\t\t\t\t<p class=\"elementor-heading-title elementor-size-default\">Vi kr\u00e4ver<\/p>\t\t\t\t<\/div>\n\t\t\t\t<\/div>\n\t\t\t\t<div class=\"elementor-element elementor-element-0c45ec7 elementor-widget elementor-widget-text-editor\" data-id=\"0c45ec7\" data-element_type=\"widget\" data-e-type=\"widget\" data-widget_type=\"text-editor.default\">\n\t\t\t\t<div class=\"elementor-widget-container\">\n\t\t\t\t\t\t\t\t\t<ul><li>M\u00e5nga \u00e5rs erfarenhet av att genomf\u00f6ra stora projekt<\/li><li>Utm\u00e4rkt kunskap i finska spr\u00e5ket och tydlig kommunikation<\/li><li>Utm\u00e4rkt samarbetsf\u00f6rm\u00e5ga och passion f\u00f6r att som team uppn\u00e5 fantastiska resultat och upplevelser<\/li><li>God k\u00e4nnedom om projektledningsbegrepp och praktiska mallar om omfattningen av din verktygsl\u00e5da<\/li><li>Systematik \u00e4ven i skriftliga uppgifter som ing\u00e5r i arbetsbeskrivningen, till exempel planering, rapportering, tydligg\u00f6rande av riskhantering<\/li><li>Sund initiativf\u00f6rm\u00e5ga och mod att beskriva identifierade problem<\/li><li>Goda engelskkunskaper<\/li><li>F\u00f6rm\u00e5ga att rita klarg\u00f6rande bilder eller diagram i diskussioner relaterade till l\u00f6sningar<\/li><\/ul>\t\t\t\t\t\t\t\t<\/div>\n\t\t\t\t<\/div>\n\t\t\t\t<div class=\"elementor-element elementor-element-f0107c4 elementor-widget elementor-widget-heading\" data-id=\"f0107c4\" data-element_type=\"widget\" data-e-type=\"widget\" data-widget_type=\"heading.default\">\n\t\t\t\t<div class=\"elementor-widget-container\">\n\t\t\t\t\t<p class=\"elementor-heading-title elementor-size-default\">Dessutom v\u00e4rdes\u00e4tter vi<\/p>\t\t\t\t<\/div>\n\t\t\t\t<\/div>\n\t\t\t\t<div class=\"elementor-element elementor-element-c428b16 elementor-widget elementor-widget-text-editor\" data-id=\"c428b16\" data-element_type=\"widget\" data-e-type=\"widget\" data-widget_type=\"text-editor.default\">\n\t\t\t\t<div class=\"elementor-widget-container\">\n\t\t\t\t\t\t\t\t\t<ul><li>Erfarenhet av upphandling och leveransprocesser inom offentlig sektor<\/li><li>Erfarenhet av systemintegration i en milj\u00f6 med m\u00e5nga leverant\u00f6rer<\/li><li>Kunskap i det svenska spr\u00e5ket.<\/li><\/ul><p><em><br \/>H\u00e4r f\u00e5r du till\u00e4mpa l\u00f6sning f\u00f6r v\u00e4lf\u00e4rdsomr\u00e5denas effektiva persontransport.<\/em><\/p>\t\t\t\t\t\t\t\t<\/div>\n\t\t\t\t<\/div>\n\t\t\t\t<\/div>\n\t\t\t\t<\/div>\n\t\t\t\t\t<\/div>\n\t\t\t\t<\/div>\n\t\t<div class=\"elementor-element elementor-element-76ca519 elementor-hidden-widescreen elementor-hidden-desktop elementor-hidden-laptop elementor-hidden-tablet_extra elementor-hidden-tablet elementor-hidden-mobile_extra elementor-hidden-mobile e-flex e-con-boxed e-con e-parent\" data-id=\"76ca519\" data-element_type=\"container\" data-e-type=\"container\" data-settings=\"{&quot;background_background&quot;:&quot;classic&quot;}\">\n\t\t\t\t\t<div class=\"e-con-inner\">\n\t\t\t\t<div class=\"elementor-element elementor-element-5795ee2 elementor-widget elementor-widget-heading\" data-id=\"5795ee2\" data-element_type=\"widget\" data-e-type=\"widget\" data-widget_type=\"heading.default\">\n\t\t\t\t<div class=\"elementor-widget-container\">\n\t\t\t\t\t<h2 class=\"elementor-heading-title elementor-size-default\">Rekryteringsprocessen\n <\/h2>\t\t\t\t<\/div>\n\t\t\t\t<\/div>\n\t\t\t\t<div class=\"elementor-element elementor-element-20ef3a0 elementor-widget-divider--view-line elementor-widget elementor-widget-divider\" data-id=\"20ef3a0\" data-element_type=\"widget\" data-e-type=\"widget\" data-widget_type=\"divider.default\">\n\t\t\t\t<div class=\"elementor-widget-container\">\n\t\t\t\t\t\t\t<div class=\"elementor-divider\">\n\t\t\t<span class=\"elementor-divider-separator\">\n\t\t\t\t\t\t<\/span>\n\t\t<\/div>\n\t\t\t\t\t\t<\/div>\n\t\t\t\t<\/div>\n\t\t<div class=\"elementor-element elementor-element-7b6e561 e-con-full e-flex e-con e-child\" data-id=\"7b6e561\" data-element_type=\"container\" data-e-type=\"container\">\n\t\t<div class=\"elementor-element elementor-element-3bbe56c e-con-full e-flex e-con e-child\" data-id=\"3bbe56c\" data-element_type=\"container\" data-e-type=\"container\">\n\t\t\t\t<div class=\"elementor-element elementor-element-cc11602 elementor-widget elementor-widget-text-editor\" data-id=\"cc11602\" data-element_type=\"widget\" data-e-type=\"widget\" data-widget_type=\"text-editor.default\">\n\t\t\t\t<div class=\"elementor-widget-container\">\n\t\t\t\t\t\t\t\t\t<p>Ans\u00f6kningar med CV skickas med e-post (rekry at semel.fi), och mer information om tj\u00e4nsten ges av operativ chef, senior program manager Petri Ikonen (f\u00f6rnamn.efternamn at semel.fi).<\/p><p>Vi str\u00e4var efter att genomf\u00f6ra rekryteringsprocessen ganska snabbt, och intervjuer arrangeras redan under ans\u00f6kningstiden. V\u00e5r urvalsprocess inkluderar f\u00f6r de som valts ut till processen en intervju (baserad p\u00e5 din ans\u00f6kan), samt en andra genomg\u00e5ng, t.ex. en intervju med nyckelpersoner i teamet.<\/p>\t\t\t\t\t\t\t\t<\/div>\n\t\t\t\t<\/div>\n\t\t\t\t<div class=\"elementor-element elementor-element-5f3cad2 elementor-align-center elementor-widget elementor-widget-button\" data-id=\"5f3cad2\" data-element_type=\"widget\" data-e-type=\"widget\" data-widget_type=\"button.default\">\n\t\t\t\t<div class=\"elementor-widget-container\">\n\t\t\t\t\t\t\t\t\t<div class=\"elementor-button-wrapper\">\n\t\t\t\t\t<a class=\"elementor-button elementor-button-link elementor-size-sm\" href=\"\">\n\t\t\t\t\t\t<span class=\"elementor-button-content-wrapper\">\n\t\t\t\t\t\t\t\t\t<span class=\"elementor-button-text\">Skicka en \u00f6ppen ans\u00f6kan<\/span>\n\t\t\t\t\t<\/span>\n\t\t\t\t\t<\/a>\n\t\t\t\t<\/div>\n\t\t\t\t\t\t\t\t<\/div>\n\t\t\t\t<\/div>\n\t\t\t\t<\/div>\n\t\t\t\t<\/div>\n\t\t\t\t\t<\/div>\n\t\t\t\t<\/div>\n\t\t<div class=\"elementor-element elementor-element-eb86dcc e-flex e-con-boxed e-con e-parent\" data-id=\"eb86dcc\" data-element_type=\"container\" data-e-type=\"container\">\n\t\t\t\t\t<div class=\"e-con-inner\">\n\t\t\t\t\t<\/div>\n\t\t\t\t<\/div>\n\t\t\t\t<\/div>","protected":false},"excerpt":{"rendered":"<p>Meille t\u00f6ihin Tule mukaan rakentamaan tulevaisuuden ratkaisuja henkil\u00f6liikenteeseen. Semel suunnittelee ja toteuttaa mobiilik\u00e4ytt\u00f6\u00f6n soveltuvia tietoj\u00e4rjestelmi\u00e4 ja toimii j\u00e4rjestelm\u00e4toimittajana sek\u00e4 palveluntarjoajana vaativissa henkil\u00f6liikenteen j\u00e4rjestelm\u00e4hankkeissa.\u00a0 Semel toimii tyt\u00e4ryhti\u00f6iden kautta Pohjoismaisesti my\u00f6s julkisen liikenteen, pys\u00e4k\u00f6innin sek\u00e4 s\u00e4hk\u00f6ajoneuvojen latauksen j\u00e4rjestelm\u00e4toimittajana. Semel on osa ruotsalaista KG Knutsson AB konsernia. Avoin hakemus: Kerro itsest\u00e4si mik\u00e4 teht\u00e4v\u00e4 kiinnostaisi ja miksi haluaisit meille [&hellip;]<\/p>\n","protected":false},"author":2,"featured_media":0,"parent":1202,"menu_order":0,"comment_status":"closed","ping_status":"closed","template":"elementor_header_footer","meta":{"_acf_changed":false,"footnotes":""},"class_list":["post-1760","page","type-page","status-publish","hentry"],"acf":[],"_links":{"self":[{"href":"https:\/\/semelfi-wp27900.test.cchosting.fi\/sv\/wp-json\/wp\/v2\/pages\/1760","targetHints":{"allow":["GET"]}}],"collection":[{"href":"https:\/\/semelfi-wp27900.test.cchosting.fi\/sv\/wp-json\/wp\/v2\/pages"}],"about":[{"href":"https:\/\/semelfi-wp27900.test.cchosting.fi\/sv\/wp-json\/wp\/v2\/types\/page"}],"author":[{"embeddable":true,"href":"https:\/\/semelfi-wp27900.test.cchosting.fi\/sv\/wp-json\/wp\/v2\/users\/2"}],"replies":[{"embeddable":true,"href":"https:\/\/semelfi-wp27900.test.cchosting.fi\/sv\/wp-json\/wp\/v2\/comments?post=1760"}],"version-history":[{"count":86,"href":"https:\/\/semelfi-wp27900.test.cchosting.fi\/sv\/wp-json\/wp\/v2\/pages\/1760\/revisions"}],"predecessor-version":[{"id":3957,"href":"https:\/\/semelfi-wp27900.test.cchosting.fi\/sv\/wp-json\/wp\/v2\/pages\/1760\/revisions\/3957"}],"up":[{"embeddable":true,"href":"https:\/\/semelfi-wp27900.test.cchosting.fi\/sv\/wp-json\/wp\/v2\/pages\/1202"}],"wp:attachment":[{"href":"https:\/\/semelfi-wp27900.test.cchosting.fi\/sv\/wp-json\/wp\/v2\/media?parent=1760"}],"curies":[{"name":"wp","href":"https:\/\/api.w.org\/{rel}","templated":true}]}}